{"id":102587,"date":"2023-01-05T18:41:41","date_gmt":"2023-01-05T23:41:41","guid":{"rendered":"https:\/\/staging.continuumfc.ca\/informations-generales\/"},"modified":"2025-11-07T11:05:42","modified_gmt":"2025-11-07T16:05:42","slug":"informations-generales","status":"publish","type":"page","link":"https:\/\/continuumfc.ca\/fr\/informations-generales\/","title":{"rendered":"Informations g\u00e9n\u00e9rales"},"content":{"rendered":"\t\t<div data-elementor-type=\"wp-post\" data-elementor-id=\"102587\" class=\"elementor elementor-102587 elementor-50\" data-elementor-post-type=\"page\">\n\t\t\t\t\t\t<section class=\"elementor-section elementor-top-section elementor-element elementor-element-483a77d elementor-section-boxed elementor-section-height-default elementor-section-height-default\" data-id=\"483a77d\" data-element_type=\"section\">\n\t\t\t\t\t\t<div class=\"elementor-container elementor-column-gap-default\">\n\t\t\t\t\t<div class=\"elementor-column elementor-col-100 elementor-top-column elementor-element elementor-element-2abe3e4\" data-id=\"2abe3e4\" data-element_type=\"column\">\n\t\t\t<div class=\"elementor-widget-wrap elementor-element-populated\">\n\t\t\t\t\t\t<div class=\"elementor-element elementor-element-7d62561 elementor-widget elementor-widget-heading\" data-id=\"7d62561\" data-element_type=\"widget\" data-widget_type=\"heading.default\">\n\t\t\t\t<div class=\"elementor-widget-container\">\n\t\t\t<h1 class=\"elementor-heading-title elementor-size-default\">Contactez-nous<\/h1>\t\t<\/div>\n\t\t\t\t<\/div>\n\t\t\t\t<div class=\"elementor-element elementor-element-ee3ddea elementor-widget elementor-widget-spacer\" data-id=\"ee3ddea\" data-element_type=\"widget\" data-widget_type=\"spacer.default\">\n\t\t\t\t<div class=\"elementor-widget-container\">\n\t\t\t\t\t<div class=\"elementor-spacer\">\n\t\t\t<div class=\"elementor-spacer-inner\"><\/div>\n\t\t<\/div>\n\t\t\t\t<\/div>\n\t\t\t\t<\/div>\n\t\t\t\t<div class=\"elementor-element elementor-element-5ab5f92 elementor-widget elementor-widget-heading\" data-id=\"5ab5f92\" data-element_type=\"widget\" data-widget_type=\"heading.default\">\n\t\t\t\t<div class=\"elementor-widget-container\">\n\t\t\t<h2 class=\"elementor-heading-title elementor-size-default\">Centres Financiers Continuum<\/h2>\t\t<\/div>\n\t\t\t\t<\/div>\n\t\t\t\t\t<\/div>\n\t\t<\/div>\n\t\t\t\t\t<\/div>\n\t\t<\/section>\n\t\t\t\t<section class=\"elementor-section elementor-top-section elementor-element elementor-element-5889db7 elementor-section-boxed elementor-section-height-default elementor-section-height-default\" data-id=\"5889db7\" data-element_type=\"section\">\n\t\t\t\t\t\t<div class=\"elementor-container elementor-column-gap-default\">\n\t\t\t\t\t<div class=\"elementor-column elementor-col-100 elementor-top-column elementor-element elementor-element-cd4382d\" data-id=\"cd4382d\" data-element_type=\"column\">\n\t\t\t<div class=\"elementor-widget-wrap elementor-element-populated\">\n\t\t\t\t\t\t<div class=\"elementor-element elementor-element-18050ec elementor-widget elementor-widget-text-editor\" data-id=\"18050ec\" data-element_type=\"widget\" data-widget_type=\"text-editor.default\">\n\t\t\t\t<div class=\"elementor-widget-container\">\n\t\t\t\t\t\t\t<p style=\"text-align: center;\"><b>Si\u00e8ge<\/b><b> social national<br \/><\/b>4210, rue King Est, bureau 101<br \/>Kitchener, ON\u00a0 N2P 2G5<\/p><p style=\"text-align: center;\"><span style=\"color: #808080;\"><b><br \/>Pour toute question <\/b><b>g\u00e9n\u00e9rale, <\/b><strong>veuillez communiquer avec nous\u00a0:<\/strong><\/span><\/p><p style=\"text-align: center;\">Adresse de courriel : <b><a href=\"mailto:info@continuumfc.ca\">info@continuumfc.ca<\/a><\/b><\/p><p style=\"text-align: center;\">Num\u00e9ro sans frais : 1.877.278.3837<\/p><p style=\"text-align: center;\">Num\u00e9ro de t\u00e9l\u00e9copieur : 613.366.2170<\/p>\t\t\t\t\t\t<\/div>\n\t\t\t\t<\/div>\n\t\t\t\t\t<\/div>\n\t\t<\/div>\n\t\t\t\t\t<\/div>\n\t\t<\/section>\n\t\t\t\t<section class=\"elementor-section elementor-top-section elementor-element elementor-element-9f0c362 elementor-section-boxed elementor-section-height-default elementor-section-height-default\" data-id=\"9f0c362\" data-element_type=\"section\">\n\t\t\t\t\t\t<div class=\"elementor-container elementor-column-gap-default\">\n\t\t\t\t\t<div class=\"elementor-column elementor-col-100 elementor-top-column elementor-element elementor-element-4d7f8cf\" data-id=\"4d7f8cf\" data-element_type=\"column\">\n\t\t\t<div class=\"elementor-widget-wrap elementor-element-populated\">\n\t\t\t\t\t\t<div class=\"elementor-element elementor-element-d90d4db elementor-widget elementor-widget-text-editor\" data-id=\"d90d4db\" data-element_type=\"widget\" data-widget_type=\"text-editor.default\">\n\t\t\t\t<div class=\"elementor-widget-container\">\n\t\t\t\t\t\t\t<p style=\"text-align: center;\"><em>Services Financiers Continuum est une filiale de la <a href=\"https:\/\/www.financialhorizons.com\">Financi\u00e8re Horizons.<\/a><\/em><\/p>\n\t\t\t\t\t\t<\/div>\n\t\t\t\t<\/div>\n\t\t\t\t\t<\/div>\n\t\t<\/div>\n\t\t\t\t\t<\/div>\n\t\t<\/section>\n\t\t\t\t<\/div>\n\t\t","protected":false},"excerpt":{"rendered":"<p>Contactez-nous Centres Financiers Continuum Si\u00e8ge social national4210, rue King Est, bureau 101Kitchener, ON\u00a0 N2P 2G5 Pour toute question g\u00e9n\u00e9rale, veuillez communiquer avec nous\u00a0: Adresse de courriel : info@continuumfc.ca Num\u00e9ro sans frais : 1.877.278.3837 Num\u00e9ro de t\u00e9l\u00e9copieur : 613.366.2170 Services Financiers Continuum est une filiale de la Financi\u00e8re Horizons.<\/p>\n","protected":false},"author":1,"featured_media":0,"parent":0,"menu_order":0,"comment_status":"closed","ping_status":"closed","template":"","meta":{"_acf_changed":false,"footnotes":""},"class_list":["post-102587","page","type-page","status-publish","hentry"],"acf":[],"_links":{"self":[{"href":"https:\/\/continuumfc.ca\/fr\/wp-json\/wp\/v2\/pages\/102587","targetHints":{"allow":["GET"]}}],"collection":[{"href":"https:\/\/continuumfc.ca\/fr\/wp-json\/wp\/v2\/pages"}],"about":[{"href":"https:\/\/continuumfc.ca\/fr\/wp-json\/wp\/v2\/types\/page"}],"author":[{"embeddable":true,"href":"https:\/\/continuumfc.ca\/fr\/wp-json\/wp\/v2\/users\/1"}],"replies":[{"embeddable":true,"href":"https:\/\/continuumfc.ca\/fr\/wp-json\/wp\/v2\/comments?post=102587"}],"version-history":[{"count":27,"href":"https:\/\/continuumfc.ca\/fr\/wp-json\/wp\/v2\/pages\/102587\/revisions"}],"predecessor-version":[{"id":103506,"href":"https:\/\/continuumfc.ca\/fr\/wp-json\/wp\/v2\/pages\/102587\/revisions\/103506"}],"wp:attachment":[{"href":"https:\/\/continuumfc.ca\/fr\/wp-json\/wp\/v2\/media?parent=102587"}],"curies":[{"name":"wp","href":"https:\/\/api.w.org\/{rel}","templated":true}]}}