{"id":102756,"date":"2023-01-21T12:31:49","date_gmt":"2023-01-21T17:31:49","guid":{"rendered":"https:\/\/staging.continuumfc.ca\/avis-de-non-responsabilite\/"},"modified":"2023-07-19T18:13:42","modified_gmt":"2023-07-19T22:13:42","slug":"avis-de-non-responsabilite","status":"publish","type":"page","link":"https:\/\/continuumfc.ca\/fr\/avis-de-non-responsabilite\/","title":{"rendered":"Avis de non-responsabilit\u00e9"},"content":{"rendered":"\t\t<div data-elementor-type=\"wp-page\" data-elementor-id=\"102756\" class=\"elementor elementor-102756 elementor-102752\" data-elementor-post-type=\"page\">\n\t\t\t\t\t\t<section class=\"elementor-section elementor-top-section elementor-element elementor-element-5e94aa4 elementor-section-boxed elementor-section-height-default elementor-section-height-default\" data-id=\"5e94aa4\" data-element_type=\"section\">\n\t\t\t\t\t\t<div class=\"elementor-container elementor-column-gap-default\">\n\t\t\t\t\t<div class=\"elementor-column elementor-col-100 elementor-top-column elementor-element elementor-element-2621d2c\" data-id=\"2621d2c\" data-element_type=\"column\">\n\t\t\t<div class=\"elementor-widget-wrap elementor-element-populated\">\n\t\t\t\t\t\t<div class=\"elementor-element elementor-element-6f4239c elementor-widget elementor-widget-text-editor\" data-id=\"6f4239c\" data-element_type=\"widget\" data-widget_type=\"text-editor.default\">\n\t\t\t\t<div class=\"elementor-widget-container\">\n\t\t\t\t\t\t\t<p><strong>Les ententes d\u2019indication de clients<\/strong>, les fonds communs de placement et les CPG sont offerts par l\u2019interm\u00e9diaire de Services d\u2019investissement Quadrus lt\u00e9e. Quadrus, Quadrus et le symbole social, ainsi que Services d\u2019investissement Quadrus lt\u00e9e et le symbole social sont des marques de commerce des Services d\u2019investissement Quadrus lt\u00e9e. Les marques de commerce sont utilis\u00e9es avec le consentement de leur propri\u00e9taire.<\/p><p>Prenez des d\u00e9cisions d\u2019investissement judicieuses. Des renseignements importants sur les fonds communs de placement figurent dans le document intitul\u00e9 \u00ab\u00a0Aper\u00e7u des fonds\u00a0\u00bb. Veuillez lire attentivement ce document avant d\u2019investir.<\/p><p>Des commissions, des commissions de suivi, des frais de gestion et d\u2019autres frais peuvent \u00eatre associ\u00e9s aux placements dans des fonds communs de placement. Les fonds communs de placement ne sont pas garantis; leur valeur change fr\u00e9quemment et les rendements pass\u00e9s ne constituent pas une indication des rendements futurs. Les valeurs unitaires et le rendement des placements fluctuent.<\/p><p><strong>Assurance :<\/strong> Les produits d\u2019assurance sont offerts par l\u2019interm\u00e9diaire de la Financi\u00e8re Horizons<\/p><p><strong>Fonds distincts :<\/strong> Les produits de fonds distincts sont offerts par l\u2019interm\u00e9diaire de la Financi\u00e8re Horizons et\/ou de plusieurs agents g\u00e9n\u00e9raux. Sous r\u00e9serve de toute garantie applicable \u00e0 la prestation de d\u00e9c\u00e8s, toute partie de la prime, ou toute autre somme affect\u00e9e \u00e0 un fonds distinct, est investie au risque du titulaire de la police et sa valeur peut augmenter ou diminuer selon les fluctuations de la valeur marchande de l\u2019actif du fonds distinct.<\/p><p><strong>\u00a0<\/strong><\/p>\t\t\t\t\t\t<\/div>\n\t\t\t\t<\/div>\n\t\t\t\t\t<\/div>\n\t\t<\/div>\n\t\t\t\t\t<\/div>\n\t\t<\/section>\n\t\t\t\t<\/div>\n\t\t","protected":false},"excerpt":{"rendered":"<p>Les ententes d\u2019indication de clients, les fonds communs de placement et les CPG sont offerts par l\u2019interm\u00e9diaire de Services d\u2019investissement Quadrus lt\u00e9e. Quadrus, Quadrus et le symbole social, ainsi que Services d\u2019investissement Quadrus lt\u00e9e et le symbole social sont des marques de commerce des Services d\u2019investissement Quadrus lt\u00e9e. Les marques de commerce sont utilis\u00e9es avec [&hellip;]<\/p>\n","protected":false},"author":1,"featured_media":0,"parent":0,"menu_order":0,"comment_status":"closed","ping_status":"closed","template":"","meta":{"_acf_changed":false,"footnotes":""},"class_list":["post-102756","page","type-page","status-publish","hentry"],"acf":[],"_links":{"self":[{"href":"https:\/\/continuumfc.ca\/fr\/wp-json\/wp\/v2\/pages\/102756","targetHints":{"allow":["GET"]}}],"collection":[{"href":"https:\/\/continuumfc.ca\/fr\/wp-json\/wp\/v2\/pages"}],"about":[{"href":"https:\/\/continuumfc.ca\/fr\/wp-json\/wp\/v2\/types\/page"}],"author":[{"embeddable":true,"href":"https:\/\/continuumfc.ca\/fr\/wp-json\/wp\/v2\/users\/1"}],"replies":[{"embeddable":true,"href":"https:\/\/continuumfc.ca\/fr\/wp-json\/wp\/v2\/comments?post=102756"}],"version-history":[{"count":7,"href":"https:\/\/continuumfc.ca\/fr\/wp-json\/wp\/v2\/pages\/102756\/revisions"}],"predecessor-version":[{"id":103280,"href":"https:\/\/continuumfc.ca\/fr\/wp-json\/wp\/v2\/pages\/102756\/revisions\/103280"}],"wp:attachment":[{"href":"https:\/\/continuumfc.ca\/fr\/wp-json\/wp\/v2\/media?parent=102756"}],"curies":[{"name":"wp","href":"https:\/\/api.w.org\/{rel}","templated":true}]}}