{"id":103475,"date":"2025-10-09T16:06:56","date_gmt":"2025-10-09T20:06:56","guid":{"rendered":"https:\/\/continuumfc.ca\/a-propos-de-nous\/"},"modified":"2025-11-07T11:13:01","modified_gmt":"2025-11-07T16:13:01","slug":"a-propos-de-nous","status":"publish","type":"page","link":"https:\/\/continuumfc.ca\/fr\/a-propos-de-nous\/","title":{"rendered":"\u00c0 propos de nous"},"content":{"rendered":"\t\t<div data-elementor-type=\"wp-post\" data-elementor-id=\"103475\" class=\"elementor elementor-103475 elementor-8\" data-elementor-post-type=\"page\">\n\t\t\t\t\t\t<section class=\"elementor-section elementor-top-section elementor-element elementor-element-5a1cab1e elementor-section-boxed elementor-section-height-default elementor-section-height-default\" data-id=\"5a1cab1e\" data-element_type=\"section\">\n\t\t\t\t\t\t<div class=\"elementor-container elementor-column-gap-default\">\n\t\t\t\t\t<div class=\"elementor-column elementor-col-100 elementor-top-column elementor-element elementor-element-64caea5\" data-id=\"64caea5\" data-element_type=\"column\">\n\t\t\t<div class=\"elementor-widget-wrap elementor-element-populated\">\n\t\t\t\t\t\t<div class=\"elementor-element elementor-element-26bcec97 elementor-widget elementor-widget-text-editor\" data-id=\"26bcec97\" data-element_type=\"widget\" data-widget_type=\"text-editor.default\">\n\t\t\t\t<div class=\"elementor-widget-container\">\n\t\t\t\t\t\t\t<p><span style=\"color: #003366;\"><strong>\u00c0 propos de nous<\/strong><\/span><\/p><p><strong><span style=\"color: #003366;\">Le Centre Financier Continuum (CFC)<\/span> <\/strong>est une firme de conseill\u00e8res et conseillers financiers et de repr\u00e9sentantes et repr\u00e9sentants en placements r\u00e9partis \u00e0 travers tout le Canada et dont la mission est vous aider \u00e0 atteindre vos objectifs financiers.<\/p><p>Les conseill\u00e8res et conseillers du CFC poss\u00e8dent une compr\u00e9hension en profondeur des solutions financi\u00e8res disponibles combin\u00e9e \u00e0 une vaste expertise et de nombreuses ann\u00e9es d\u2019exp\u00e9rience en carri\u00e8re. Et le CFC les appuie en leur fournissant des outils, des plateformes et le soutien dont elles et ils ont besoin pour faire vivre \u00e0 leur client\u00e8le une exp\u00e9rience client sans pareil.<\/p><p><span style=\"color: #003366;\"><strong>De quelle fa\u00e7on pouvons-nous vous \u00eatre utiles?<\/strong><\/span><\/p><ul><li>La planification financi\u00e8re de vos placements, d\u2019\u00e9tudes, de votre retraite et successorale<\/li><li>Des conseils personnalis\u00e9s pour des particuliers \u00e0 propos de la gestion de patrimoine et des solutions d\u2019assurance<\/li><li>R\u00e9examiner, mettre \u00e0 jour et ajuster vos comptes et vos plans financiers<\/li><\/ul><p>Gr\u00e2ce \u00e0 un partenariat avec les conseill\u00e8res et conseillers du CFC, vous aurez l\u2019assurance d\u2019\u00eatre soutenu et entour\u00e9 par une \u00e9quipe de professionnelles et professionnels ayant \u00e0 c\u0153ur de vous offrir un service \u00e0 la client\u00e8le de la plus haute qualit\u00e9.<\/p><p><span style=\"color: #003366;\"><strong>Notre force<\/strong><\/span><\/p><p>Le Centre Financier Continuum est une filiale de la Financi\u00e8re Horizons. \u00c0 titre de l\u2019une des plus importantes agences de gestion d\u00e9l\u00e9gu\u00e9e (AGD; mieux connue sous le nom anglais de MGA) au Canada, la Financi\u00e8re Horizons aide plus de 6 500 conseill\u00e8res et conseillers ind\u00e9pendants \u00e0 faire cro\u00eetre leurs affaires et \u00e0 concr\u00e9tiser leur vision de la r\u00e9ussite. La Canada Vie a acquis la Financi\u00e8re Horizons en 2017.<\/p><p>Continuum est rattach\u00e9 \u00e0 Services d\u2019investissement Quadrus lt\u00e9e, un courtier en \u00e9pargne collective qui propose des produits et des solutions de gestion du patrimoine aux particuliers, aux familles et aux propri\u00e9taires d\u2019entreprise. Quadrus est une filiale de la Canada\u00a0Vie.<\/p><p>La fondation de la Canada\u00a0Vie remonte \u00e0 plus de 175\u00a0ans, et l\u2019entreprise fait partie du groupe de compagnies de la Corporation Financi\u00e8re Power (Power Financial Corporation group). La Canada\u00a0Vie r\u00e9pond aux besoins de s\u00e9curit\u00e9 financi\u00e8re de plus de 13\u00a0millions de personnes au Canada, en plus d\u2019exercer ses activit\u00e9s aussi en Europe et aux \u00c9tats-Unis.\u00a0<\/p><p>Ces relations permettent aux conseill\u00e8res et conseillers d\u2019acc\u00e9der aux outils, aux plateformes et au soutien dont elles et ils ont besoin pour faire vivre \u00e0 leur client\u00e8le une exp\u00e9rience client sans pareil.<\/p><p>\u00a0<\/p><p><i>Rattach\u00e9 \u00e0 Services d\u2019investissement Quadrus lt\u00e9e<\/i><\/p><p><em>\u00a0<\/em><\/p>\t\t\t\t\t\t<\/div>\n\t\t\t\t<\/div>\n\t\t\t\t\t<\/div>\n\t\t<\/div>\n\t\t\t\t\t<\/div>\n\t\t<\/section>\n\t\t\t\t<\/div>\n\t\t","protected":false},"excerpt":{"rendered":"<p>\u00c0 propos de nous Le Centre Financier Continuum (CFC) est une firme de conseill\u00e8res et conseillers financiers et de repr\u00e9sentantes et repr\u00e9sentants en placements r\u00e9partis \u00e0 travers tout le Canada et dont la mission est vous aider \u00e0 atteindre vos objectifs financiers. Les conseill\u00e8res et conseillers du CFC poss\u00e8dent une compr\u00e9hension en profondeur des solutions [&hellip;]<\/p>\n","protected":false},"author":1,"featured_media":0,"parent":0,"menu_order":0,"comment_status":"closed","ping_status":"closed","template":"","meta":{"_acf_changed":false,"footnotes":""},"class_list":["post-103475","page","type-page","status-publish","hentry"],"acf":[],"_links":{"self":[{"href":"https:\/\/continuumfc.ca\/fr\/wp-json\/wp\/v2\/pages\/103475","targetHints":{"allow":["GET"]}}],"collection":[{"href":"https:\/\/continuumfc.ca\/fr\/wp-json\/wp\/v2\/pages"}],"about":[{"href":"https:\/\/continuumfc.ca\/fr\/wp-json\/wp\/v2\/types\/page"}],"author":[{"embeddable":true,"href":"https:\/\/continuumfc.ca\/fr\/wp-json\/wp\/v2\/users\/1"}],"replies":[{"embeddable":true,"href":"https:\/\/continuumfc.ca\/fr\/wp-json\/wp\/v2\/comments?post=103475"}],"version-history":[{"count":4,"href":"https:\/\/continuumfc.ca\/fr\/wp-json\/wp\/v2\/pages\/103475\/revisions"}],"predecessor-version":[{"id":103512,"href":"https:\/\/continuumfc.ca\/fr\/wp-json\/wp\/v2\/pages\/103475\/revisions\/103512"}],"wp:attachment":[{"href":"https:\/\/continuumfc.ca\/fr\/wp-json\/wp\/v2\/media?parent=103475"}],"curies":[{"name":"wp","href":"https:\/\/api.w.org\/{rel}","templated":true}]}}