{"id":2611,"date":"2019-04-17T14:59:17","date_gmt":"2019-04-17T18:59:17","guid":{"rendered":"https:\/\/continuumfc.ca\/politique-de-confidentialite\/"},"modified":"2025-10-09T12:52:56","modified_gmt":"2025-10-09T16:52:56","slug":"politique-de-confidentialite","status":"publish","type":"page","link":"https:\/\/continuumfc.ca\/fr\/politique-de-confidentialite\/","title":{"rendered":"Confidentialit\u00e9 et avis juridiques"},"content":{"rendered":"<p><strong>La protection de votre vie priv\u00e9e est importante pour nous.<\/strong><\/p>\n<p>Centres Financiers Continuum s&rsquo;engage \u00e0 prot\u00e9ger les informations personnelles des consommatrices et consommateurs. Notre politique de confidentialit\u00e9 explique comment nous recueillons, utilisons, divulguons et conservons tous les renseignements personnels.<\/p>\n<p><strong>Les informations personnelles que nous recueillons :<\/strong><\/p>\n<p>Nous ne recueillons que les renseignements dont nous avons besoin pour fournir et entretenir des produits financiers et d&rsquo;assurance. Les renseignements personnels sont des informations sur un \u00ab\u00a0individu identifiable\u00a0\u00bb et peuvent inclure :<\/p>\n<ol>\n<li>Des informations sur le cr\u00e9dit<\/li>\n<li>Informations sur le style de vie<\/li>\n<li>\u00c9tat civil<\/li>\n<li>Date de naissance<\/li>\n<li>Statut de citoyen<\/li>\n<li>Profession<\/li>\n<li>Informations sur la sant\u00e9<\/li>\n<li>Valeur nette<\/li>\n<li>Sexe<\/li>\n<li>Num\u00e9ro d&rsquo;assurance sociale<\/li>\n<li>Revenu<\/li>\n<li>Nom, adresse du domicile et num\u00e9ro de t\u00e9l\u00e9phone<\/li>\n<\/ol>\n<p>Votre consentement \u00e0 la collecte, l&rsquo;utilisation et la divulgation de vos informations :<\/p>\n<p>Nous ne collecterons, n&rsquo;utiliserons ou ne divulguerons vos renseignements personnels qu&rsquo;avec votre consentement, sauf si la loi l&rsquo;exige. Votre consentement est requis pour la collecte, l&rsquo;utilisation ou la divulgation de vos renseignements personnels, sauf si la loi l&rsquo;exige. Le consentement peut \u00eatre oral ou \u00e9crit, expr\u00e8s (par exemple, en fournissant vos renseignements personnels sur un formulaire de demande) ; ou implicite (par exemple, en ne retirant pas votre consentement pour une certaine utilisation de vos renseignements personnels lorsqu&rsquo;on vous en donne la possibilit\u00e9). Votre repr\u00e9sentant(e) autoris\u00e9(e) peut donner son consentement en votre nom.<\/p>\n<p>Vous pouvez retirer votre consentement \u00e0 ce que nous recueillions, utilisions et divulguions vos renseignements personnels en tout temps, sous r\u00e9serve de restrictions l\u00e9gales et contractuelles et d&rsquo;un pr\u00e9avis raisonnable.<\/p>\n<p><strong>Protection de vos informations personnelles :<\/strong><\/p>\n<p>Nous sommes responsables de tous les renseignements personnels sous notre contr\u00f4le. Nous conservons un dossier de vos renseignements personnels. Seuls les employ\u00e9(e)s, conseillers(\u00e8res) et fournisseurs de services autoris\u00e9s des Centres Financiers Continuum qui ont besoin de vos renseignements personnels pour faire leur travail peuvent avoir acc\u00e8s \u00e0 vos renseignements personnels.<\/p>\n<p>Nous avons d\u00e9velopp\u00e9 des mesures de protection physiques, \u00e9lectroniques et proc\u00e9durales destin\u00e9es \u00e0 prot\u00e9ger vos renseignements personnels contre la perte, le vol, la divulgation non autoris\u00e9e, la copie et l&rsquo;utilisation ou la modification non autoris\u00e9e. Cependant, nous ne sommes pas responsables des pratiques et politiques de confidentialit\u00e9 des soci\u00e9t\u00e9s ou organisations qui peuvent obtenir des informations personnelles ind\u00e9pendamment de toute relation qu&rsquo;elles peuvent avoir avec nous. Nous ne sommes pas non plus responsables des pratiques et politiques de confidentialit\u00e9 des soci\u00e9t\u00e9s ou organisations vers lesquelles notre site Web peut fournir des liens. Veuillez consulter les politiques de confidentialit\u00e9 de ces soci\u00e9t\u00e9s et organisations avant de fournir vos informations personnelles.<\/p>\n<p><strong>Votre droit de demander l&rsquo;acc\u00e8s \u00e0 vos informations personnelles :<\/strong><\/p>\n<p>Vous avez le droit de savoir :<\/p>\n<ol>\n<li>si nous d\u00e9tenons des informations personnelles vous concernant. Toutefois, si nous d\u00e9tenons des informations m\u00e9dicales sensibles sur vous provenant d&rsquo;un tiers, nous ne les communiquerons que par l&rsquo;interm\u00e9diaire de votre m\u00e9decin ;<\/li>\n<li>comment nous avons utilis\u00e9 ou utilisons toute information personnelle vous concernant ;<\/li>\n<li>\u00e0 qui nous avons divulgu\u00e9 toute information personnelle vous concernant. Vous pouvez nous \u00e9crire si vous souhaitez acc\u00e9der aux informations personnelles que nous d\u00e9tenons \u00e0 votre sujet. Dans certaines situations, il se peut que vous ne puissiez pas acc\u00e9der \u00e0 toutes vos informations personnelles. Par exemple, il se peut que nous ne soyons pas en mesure de divulguer des informations si cela devait r\u00e9v\u00e9ler des informations personnelles sur un tiers ou r\u00e9v\u00e9ler des informations commerciales confidentielles.<\/li>\n<\/ol>\n<p><strong>Exactitude des informations personnelles :<\/strong><\/p>\n<p>Nous nous efforcerons de veiller \u00e0 ce que les informations personnelles recueillies et utilis\u00e9es soient exactes et, si n\u00e9cessaire, mises \u00e0 jour. Vous avez le droit de demander la correction de toute information inexacte ou incompl\u00e8te vous concernant en notre possession.<\/p>\n<p><strong>La dur\u00e9e de conservation de vos informations personnelles :<\/strong><\/p>\n<p>Vos informations personnelles ne sont conserv\u00e9es qu&rsquo;aussi longtemps qu&rsquo;elles sont n\u00e9cessaires, ou que la loi l&rsquo;exige. La dur\u00e9e de conservation de vos informations personnelles d\u00e9pendra du produit ou du service que nous vous fournissons, et de la nature des informations.<\/p>\n<p><strong>Pourquoi nous avons besoin de ces informations :<\/strong><\/p>\n<p>Nous utilisons vos informations personnelles pour :<\/p>\n<ol>\n<li>confirmer votre identit\u00e9,<\/li>\n<li>administrer et servir les produits et services que vous demandez,<\/li>\n<li>administrer et servir les produits d&rsquo;assurance et\/ou financiers que nous fournissons,<\/li>\n<li>r\u00e9pondre aux exigences r\u00e9glementaires et contractuelles relatives au service et aux produits que nous vous fournissons.<\/li>\n<\/ol>\n<p>Collecte et transfert d&rsquo;informations personnelles par des tiers :<\/p>\n<p>Nous pouvons recueillir vos renseignements personnels aupr\u00e8s des compagnies d&rsquo;assurance et des soci\u00e9t\u00e9s de fonds auxquelles vous avez demand\u00e9 une couverture, et les transf\u00e9rer \u00e0 ces derni\u00e8res, afin de les aider \u00e0 \u00e9valuer les risques pour l&rsquo;assurance-vie (souscription), les enqu\u00eates, le service et l&rsquo;administration, et les r\u00e9clamations. Tous nos fournisseurs de services avec lesquels nous avons une relation contractuelle sont tenus de prot\u00e9ger vos renseignements personnels conform\u00e9ment \u00e0 la pr\u00e9sente politique de confidentialit\u00e9 et \u00e0 nos pratiques de confidentialit\u00e9, lorsque nous avons transf\u00e9r\u00e9 vos renseignements personnels \u00e0 ces parties.<\/p>\n<p><strong>Retrait de votre consentement concernant la r\u00e9ception d&rsquo;informations sur les produits :<\/strong><\/p>\n<p>Si vous ne souhaitez pas que vos informations personnelles soient utilis\u00e9es \u00e0 des fins de marketing ou de promotion, veuillez :<\/p>\n<p>Suivre les proc\u00e9dures, lorsqu&rsquo;elles sont disponibles, indiqu\u00e9es au point de collecte pour \u00ab\u00a0se retirer\u00a0\u00bb afin que vos informations personnelles ne soient pas collect\u00e9es, utilis\u00e9es ou divulgu\u00e9es \u00e0 ces fins ; ou<br \/>\nLorsqu&rsquo;une \u00ab\u00a0option de retrait\u00a0\u00bb n&rsquo;est pas propos\u00e9e, faites savoir \u00e0 votre conseill\u00e8re ou conseiller que vous souhaitez vous retirer.<\/p>\n<p><strong>Plaintes et pr\u00e9occupations :<br \/>\n<\/strong><\/p>\n<ol>\n<li>Si vous n&rsquo;\u00eates pas satisfait(e) de tout aspect de votre exp\u00e9rience avec Continuum, veuillez communiquer avec <a href=\"mailto:plaintes@continuumfc.ca\">plaintes@continuumfc.ca<\/a>.<\/li>\n<li>Les plaintes sp\u00e9cifiques concernant les transactions de fonds communs de placement doivent \u00eatre adress\u00e9es \u00e0 <a href=\"mailto:quadruscomplianceofficer@canadalife.com\">quadruscomplianceofficer@canadalife.com<\/a>.<\/li>\n<\/ol>\n<p><strong>Comment nous contacter :<\/strong><\/p>\n<p>Les demandes d&rsquo;acc\u00e8s, de mise \u00e0 jour ou de correction de vos renseignements personnels, ou les questions, plaintes ou commentaires relatifs \u00e0 la confidentialit\u00e9 peuvent \u00eatre adress\u00e9s par \u00e9crit \u00e0 Centres Financiers Continuum \u00e0 l&rsquo;adresse suivante :<\/p>\n<p>4210, rue King Est<br \/>\nBureau 101<br \/>\nKitchener, ON<br \/>\nN2P 2G5Attn : Agent(e) de conformit\u00e9<\/p>\n<p><strong>Changements \u00e0 la politique de confidentialit\u00e9 :<\/strong><\/p>\n<p>Continuum Financial Centres peut r\u00e9viser et modifier cette politique de confidentialit\u00e9 sans pr\u00e9avis. Veuillez revoir la politique de confidentialit\u00e9 p\u00e9riodiquement pour vous assurer que vous \u00eates au courant de nos pratiques actuelles de gestion de l&rsquo;information. Si vous continuez \u00e0 fournir des renseignements personnels apr\u00e8s que nous ayons modifi\u00e9 notre politique de confidentialit\u00e9, nous supposerons que vous avez accept\u00e9 ces changements.<\/p>\n","protected":false},"excerpt":{"rendered":"<p>La protection de votre vie priv\u00e9e est importante pour nous. Centres Financiers Continuum s&rsquo;engage \u00e0 prot\u00e9ger les informations personnelles des consommatrices et consommateurs. Notre politique de confidentialit\u00e9 explique comment nous recueillons, utilisons, divulguons et conservons tous les renseignements personnels. Les informations personnelles que nous recueillons : Nous ne recueillons que les renseignements dont nous avons [&hellip;]<\/p>\n","protected":false},"author":1,"featured_media":0,"parent":0,"menu_order":0,"comment_status":"closed","ping_status":"open","template":"","meta":{"_acf_changed":false,"footnotes":""},"class_list":["post-2611","page","type-page","status-publish","hentry"],"acf":[],"_links":{"self":[{"href":"https:\/\/continuumfc.ca\/fr\/wp-json\/wp\/v2\/pages\/2611","targetHints":{"allow":["GET"]}}],"collection":[{"href":"https:\/\/continuumfc.ca\/fr\/wp-json\/wp\/v2\/pages"}],"about":[{"href":"https:\/\/continuumfc.ca\/fr\/wp-json\/wp\/v2\/types\/page"}],"author":[{"embeddable":true,"href":"https:\/\/continuumfc.ca\/fr\/wp-json\/wp\/v2\/users\/1"}],"replies":[{"embeddable":true,"href":"https:\/\/continuumfc.ca\/fr\/wp-json\/wp\/v2\/comments?post=2611"}],"version-history":[{"count":3,"href":"https:\/\/continuumfc.ca\/fr\/wp-json\/wp\/v2\/pages\/2611\/revisions"}],"predecessor-version":[{"id":103410,"href":"https:\/\/continuumfc.ca\/fr\/wp-json\/wp\/v2\/pages\/2611\/revisions\/103410"}],"wp:attachment":[{"href":"https:\/\/continuumfc.ca\/fr\/wp-json\/wp\/v2\/media?parent=2611"}],"curies":[{"name":"wp","href":"https:\/\/api.w.org\/{rel}","templated":true}]}}